{"id":528,"date":"2021-08-18T15:10:40","date_gmt":"2021-08-18T15:10:40","guid":{"rendered":"https:\/\/urologosenmerida.com.mx\/?page_id=528"},"modified":"2021-08-18T15:19:18","modified_gmt":"2021-08-18T15:19:18","slug":"aviso-de-privacidad","status":"publish","type":"page","link":"https:\/\/urologosenmerida.com.mx\/aviso-de-privacidad\/","title":{"rendered":"Aviso de privacidad"},"content":{"rendered":"\t\t<div data-elementor-type=\"wp-page\" data-elementor-id=\"528\" class=\"elementor elementor-528\">\n\t\t\t\t\t\t<div class=\"elementor-inner\">\n\t\t\t\t<div class=\"elementor-section-wrap\">\n\t\t\t\t\t\t\t\t\t<section class=\"elementor-section elementor-top-section elementor-element elementor-element-4d9e782 elementor-section-stretched elementor-section-boxed elementor-section-height-default elementor-section-height-default\" data-id=\"4d9e782\" data-element_type=\"section\" data-settings=\"{&quot;stretch_section&quot;:&quot;section-stretched&quot;,&quot;background_background&quot;:&quot;classic&quot;}\">\n\t\t\t\t\t\t<div class=\"elementor-container elementor-column-gap-default\">\n\t\t\t\t\t\t\t<div class=\"elementor-row\">\n\t\t\t\t\t<div class=\"elementor-column elementor-col-33 elementor-top-column elementor-element elementor-element-6ce5d7a\" data-id=\"6ce5d7a\" data-element_type=\"column\">\n\t\t\t<div class=\"elementor-column-wrap elementor-element-populated\">\n\t\t\t\t\t\t\t<div class=\"elementor-widget-wrap\">\n\t\t\t\t\t\t<div class=\"elementor-element elementor-element-4f2256b elementor-widget elementor-widget-heading\" data-id=\"4f2256b\" data-element_type=\"widget\" data-widget_type=\"heading.default\">\n\t\t\t\t<div class=\"elementor-widget-container\">\n\t\t\t<h4 class=\"elementor-heading-title elementor-size-default\">Centro M\u00e9dico Pensiones \ud83d\udcde 99 93609347<\/h4>\t\t<\/div>\n\t\t\t\t<\/div>\n\t\t\t\t\t\t<\/div>\n\t\t\t\t\t<\/div>\n\t\t<\/div>\n\t\t\t\t<div class=\"elementor-column elementor-col-33 elementor-top-column elementor-element elementor-element-bcebbfe\" data-id=\"bcebbfe\" data-element_type=\"column\">\n\t\t\t<div class=\"elementor-column-wrap elementor-element-populated\">\n\t\t\t\t\t\t\t<div class=\"elementor-widget-wrap\">\n\t\t\t\t\t\t<div class=\"elementor-element elementor-element-b0d3513 elementor-widget elementor-widget-heading\" data-id=\"b0d3513\" data-element_type=\"widget\" data-widget_type=\"heading.default\">\n\t\t\t\t<div class=\"elementor-widget-container\">\n\t\t\t<h4 class=\"elementor-heading-title elementor-size-default\">StarM\u00e9dica \ud83d\udcde 99 92790201<\/h4>\t\t<\/div>\n\t\t\t\t<\/div>\n\t\t\t\t\t\t<\/div>\n\t\t\t\t\t<\/div>\n\t\t<\/div>\n\t\t\t\t<div class=\"elementor-column elementor-col-33 elementor-top-column elementor-element elementor-element-0432285\" data-id=\"0432285\" data-element_type=\"column\">\n\t\t\t<div class=\"elementor-column-wrap elementor-element-populated\">\n\t\t\t\t\t\t\t<div class=\"elementor-widget-wrap\">\n\t\t\t\t\t\t<div class=\"elementor-element elementor-element-ea2de64 elementor-widget elementor-widget-heading\" data-id=\"ea2de64\" data-element_type=\"widget\" data-widget_type=\"heading.default\">\n\t\t\t\t<div class=\"elementor-widget-container\">\n\t\t\t<h4 class=\"elementor-heading-title elementor-size-default\">Urgencias \ud83d\udcde 5548383785<\/h4>\t\t<\/div>\n\t\t\t\t<\/div>\n\t\t\t\t\t\t<\/div>\n\t\t\t\t\t<\/div>\n\t\t<\/div>\n\t\t\t\t\t\t\t\t<\/div>\n\t\t\t\t\t<\/div>\n\t\t<\/section>\n\t\t\t\t<section class=\"elementor-section elementor-top-section elementor-element elementor-element-431c491 elementor-section-stretched elementor-section-boxed elementor-section-height-default elementor-section-height-default\" data-id=\"431c491\" data-element_type=\"section\" data-settings=\"{&quot;stretch_section&quot;:&quot;section-stretched&quot;,&quot;background_background&quot;:&quot;classic&quot;}\">\n\t\t\t\t\t\t<div class=\"elementor-container elementor-column-gap-default\">\n\t\t\t\t\t\t\t<div class=\"elementor-row\">\n\t\t\t\t\t<div class=\"elementor-column elementor-col-100 elementor-top-column elementor-element elementor-element-649235a\" data-id=\"649235a\" data-element_type=\"column\">\n\t\t\t<div class=\"elementor-column-wrap elementor-element-populated\">\n\t\t\t\t\t\t\t<div class=\"elementor-widget-wrap\">\n\t\t\t\t\t\t<div class=\"elementor-element elementor-element-469dc61 elementor-widget elementor-widget-image\" data-id=\"469dc61\" data-element_type=\"widget\" data-widget_type=\"image.default\">\n\t\t\t\t<div class=\"elementor-widget-container\">\n\t\t\t\t\t\t\t\t<div class=\"elementor-image\">\n\t\t\t\t\t\t\t\t\t\t\t\t\t<a href=\"http:\/\/urologistinmerida.com.mx\/\">\n\t\t\t\t\t\t\t<img decoding=\"async\" width=\"96\" height=\"22\" src=\"https:\/\/urologosenmerida.com.mx\/wp-content\/uploads\/2021\/04\/english.jpg\" class=\"attachment-large size-large wp-image-511\" alt=\"\" loading=\"lazy\" \/>\t\t\t\t\t\t\t\t<\/a>\n\t\t\t\t\t\t\t\t\t\t\t\t\t\t<\/div>\n\t\t\t\t\t\t<\/div>\n\t\t\t\t<\/div>\n\t\t\t\t\t\t<\/div>\n\t\t\t\t\t<\/div>\n\t\t<\/div>\n\t\t\t\t\t\t\t\t<\/div>\n\t\t\t\t\t<\/div>\n\t\t<\/section>\n\t\t\t\t<section class=\"elementor-section elementor-top-section elementor-element elementor-element-a4b9330 elementor-section-stretched elementor-section-boxed elementor-section-height-default elementor-section-height-default\" data-id=\"a4b9330\" data-element_type=\"section\" data-settings=\"{&quot;stretch_section&quot;:&quot;section-stretched&quot;,&quot;background_background&quot;:&quot;classic&quot;}\">\n\t\t\t\t\t\t<div class=\"elementor-container elementor-column-gap-default\">\n\t\t\t\t\t\t\t<div class=\"elementor-row\">\n\t\t\t\t\t<div class=\"elementor-column elementor-col-33 elementor-top-column elementor-element elementor-element-1517e91\" data-id=\"1517e91\" data-element_type=\"column\">\n\t\t\t<div class=\"elementor-column-wrap elementor-element-populated\">\n\t\t\t\t\t\t\t<div class=\"elementor-widget-wrap\">\n\t\t\t\t\t\t<div class=\"elementor-element elementor-element-2c57f03 elementor-widget elementor-widget-image\" data-id=\"2c57f03\" data-element_type=\"widget\" data-widget_type=\"image.default\">\n\t\t\t\t<div class=\"elementor-widget-container\">\n\t\t\t\t\t\t\t\t<div class=\"elementor-image\">\n\t\t\t\t\t\t\t\t\t\t\t\t\t<a href=\"https:\/\/urologosenmerida.com.mx\">\n\t\t\t\t\t\t\t<img decoding=\"async\" width=\"100\" height=\"100\" src=\"https:\/\/urologosenmerida.com.mx\/wp-content\/uploads\/2020\/11\/logo.jpg\" class=\"attachment-large size-large wp-image-123\" alt=\"\" loading=\"lazy\" \/>\t\t\t\t\t\t\t\t<\/a>\n\t\t\t\t\t\t\t\t\t\t\t\t\t\t<\/div>\n\t\t\t\t\t\t<\/div>\n\t\t\t\t<\/div>\n\t\t\t\t\t\t<\/div>\n\t\t\t\t\t<\/div>\n\t\t<\/div>\n\t\t\t\t<div class=\"elementor-column elementor-col-66 elementor-top-column elementor-element elementor-element-3f97b73\" data-id=\"3f97b73\" data-element_type=\"column\">\n\t\t\t<div class=\"elementor-column-wrap elementor-element-populated\">\n\t\t\t\t\t\t\t<div class=\"elementor-widget-wrap\">\n\t\t\t\t\t\t<div class=\"elementor-element elementor-element-1ebdfc7 elementor-hidden-phone elementor-widget elementor-widget-spacer\" data-id=\"1ebdfc7\" data-element_type=\"widget\" data-widget_type=\"spacer.default\">\n\t\t\t\t<div class=\"elementor-widget-container\">\n\t\t\t\t\t<div class=\"elementor-spacer\">\n\t\t\t<div class=\"elementor-spacer-inner\"><\/div>\n\t\t<\/div>\n\t\t\t\t<\/div>\n\t\t\t\t<\/div>\n\t\t\t\t<div class=\"elementor-element elementor-element-18a6c90 elementor-widget elementor-widget-text-editor\" data-id=\"18a6c90\" data-element_type=\"widget\" data-widget_type=\"text-editor.default\">\n\t\t\t\t<div class=\"elementor-widget-container\">\n\t\t\t\t\t\t\t\t<div class=\"elementor-text-editor elementor-clearfix\">\n\t\t\t\t<p><strong><a href=\"https:\/\/urologosenmerida.com.mx\">Inicio<\/a>\u00a0 \u00a0 \u00a0 \u00a0 <a href=\"#padecimientos\">Padecimientos<\/a>\u00a0 \u00a0 \u00a0 \u00a0 Procedimientos\u00a0 \u00a0 \u00a0 \u00a0 Turismo m\u00e9dico (ingl\u00e9s y espa\u00f1ol)<\/strong><\/p>\t\t\t\t\t<\/div>\n\t\t\t\t\t\t<\/div>\n\t\t\t\t<\/div>\n\t\t\t\t\t\t<\/div>\n\t\t\t\t\t<\/div>\n\t\t<\/div>\n\t\t\t\t\t\t\t\t<\/div>\n\t\t\t\t\t<\/div>\n\t\t<\/section>\n\t\t\t\t<section class=\"elementor-section elementor-top-section elementor-element elementor-element-ff5e126 elementor-section-stretched elementor-section-boxed elementor-section-height-default elementor-section-height-default\" data-id=\"ff5e126\" data-element_type=\"section\" data-settings=\"{&quot;stretch_section&quot;:&quot;section-stretched&quot;,&quot;background_background&quot;:&quot;classic&quot;}\">\n\t\t\t\t\t\t<div class=\"elementor-container elementor-column-gap-default\">\n\t\t\t\t\t\t\t<div class=\"elementor-row\">\n\t\t\t\t\t<div class=\"elementor-column elementor-col-100 elementor-top-column elementor-element elementor-element-17daa2b\" data-id=\"17daa2b\" data-element_type=\"column\">\n\t\t\t<div class=\"elementor-column-wrap elementor-element-populated\">\n\t\t\t\t\t\t\t<div class=\"elementor-widget-wrap\">\n\t\t\t\t\t\t<div class=\"elementor-element elementor-element-ccadb03 elementor-widget-divider--view-line elementor-widget elementor-widget-divider\" data-id=\"ccadb03\" data-element_type=\"widget\" data-widget_type=\"divider.default\">\n\t\t\t\t<div class=\"elementor-widget-container\">\n\t\t\t\t\t<div class=\"elementor-divider\">\n\t\t\t<span class=\"elementor-divider-separator\">\n\t\t\t\t\t\t<\/span>\n\t\t<\/div>\n\t\t\t\t<\/div>\n\t\t\t\t<\/div>\n\t\t\t\t<div class=\"elementor-element elementor-element-7c1bccd elementor-widget elementor-widget-heading\" data-id=\"7c1bccd\" data-element_type=\"widget\" data-widget_type=\"heading.default\">\n\t\t\t\t<div class=\"elementor-widget-container\">\n\t\t\t<h2 class=\"elementor-heading-title elementor-size-default\">Aviso de privacidad<\/h2>\t\t<\/div>\n\t\t\t\t<\/div>\n\t\t\t\t<div class=\"elementor-element elementor-element-a38a78d elementor-widget elementor-widget-text-editor\" data-id=\"a38a78d\" data-element_type=\"widget\" data-widget_type=\"text-editor.default\">\n\t\t\t\t<div class=\"elementor-widget-container\">\n\t\t\t\t\t\t\t\t<div class=\"elementor-text-editor elementor-clearfix\">\n\t\t\t\t<p><strong>AVISO DE PRIVACIDAD DE DATOS PERSONALES<\/strong><br \/>En cumplimiento a lo establecido por la Ley Federal de Protecci\u00f3n de Datos Personales en Posesi\u00f3n de los Particulares y su Reglamento, se manifiesta a trav\u00e9s de este medio el siguiente Aviso de Privacidad.<\/p><p><strong>DATOS PERSONALES SENSIBLES<\/strong><br \/>Se recabar\u00e1n y tratar\u00e1n los Datos Personales Sensibles, relacionados con el estado de salud, antecedentes e historial cl\u00ednico, informaci\u00f3n sobre modo de vida y otros datos necesarios o convenientes para fines de atenci\u00f3n m\u00e9dica. Estos datos sensibles ser\u00e1n mantenidos y tratados con estricta seguridad y confidencialidad para fines relacionados con la prestaci\u00f3n de servicios de salud y conforme a este aviso de privacidad y la legislaci\u00f3n, reglamentos y normativa aplicable.<\/p><p><strong>TRANSFERENCIA DE INFORMACI\u00d3N A TERCEROS<\/strong><br \/>Los Datos Personales no ser\u00e1n comercializados con ning\u00fan tercero.<br \/>En caso de que se requiera con objeto de atenci\u00f3n al paciente, se asegurar\u00e1 en la medida de lo posible, que se tomen las medidas necesarias para proteger la confidencialidad y seguridad de sus datos personales, requiriendo el Aviso de Privacidad proveniente de los terceros y limitando el uso de los Datos Personales a los objetos establecidos anteriormente.<\/p><p><br \/><strong>CAMBIOS EN EL PRESENTE AVISO DE PRIVACIDAD <\/strong><\/p><p>Si se llegaran a producir cambios importantes y necesarios en el presente Aviso de Privacidad, los mismos se publicar\u00e1n en la secci\u00f3n de la presente p\u00e1gina.<\/p>\t\t\t\t\t<\/div>\n\t\t\t\t\t\t<\/div>\n\t\t\t\t<\/div>\n\t\t\t\t\t\t<\/div>\n\t\t\t\t\t<\/div>\n\t\t<\/div>\n\t\t\t\t\t\t\t\t<\/div>\n\t\t\t\t\t<\/div>\n\t\t<\/section>\n\t\t\t\t<section class=\"elementor-section elementor-top-section elementor-element elementor-element-a6b914a elementor-section-stretched elementor-section-boxed elementor-section-height-default elementor-section-height-default\" data-id=\"a6b914a\" data-element_type=\"section\" data-settings=\"{&quot;stretch_section&quot;:&quot;section-stretched&quot;,&quot;background_background&quot;:&quot;classic&quot;}\">\n\t\t\t\t\t\t<div class=\"elementor-container elementor-column-gap-default\">\n\t\t\t\t\t\t\t<div class=\"elementor-row\">\n\t\t\t\t\t<div class=\"elementor-column elementor-col-100 elementor-top-column elementor-element elementor-element-7fe4555\" data-id=\"7fe4555\" data-element_type=\"column\">\n\t\t\t<div class=\"elementor-column-wrap elementor-element-populated\">\n\t\t\t\t\t\t\t<div class=\"elementor-widget-wrap\">\n\t\t\t\t\t\t<div class=\"elementor-element elementor-element-9005b49 elementor-widget elementor-widget-image\" data-id=\"9005b49\" data-element_type=\"widget\" data-widget_type=\"image.default\">\n\t\t\t\t<div class=\"elementor-widget-container\">\n\t\t\t\t\t\t\t\t<div class=\"elementor-image\">\n\t\t\t\t\t\t\t\t\t\t\t\t<img decoding=\"async\" width=\"300\" height=\"100\" src=\"https:\/\/urologosenmerida.com.mx\/wp-content\/uploads\/2020\/05\/CreadoPorDrInn-300x100.png\" class=\"attachment-medium size-medium wp-image-37\" alt=\"\" loading=\"lazy\" srcset=\"https:\/\/urologosenmerida.com.mx\/wp-content\/uploads\/2020\/05\/CreadoPorDrInn-300x100.png 300w, https:\/\/urologosenmerida.com.mx\/wp-content\/uploads\/2020\/05\/CreadoPorDrInn.png 450w\" sizes=\"(max-width: 300px) 100vw, 300px\" \/>\t\t\t\t\t\t\t\t\t\t\t\t\t\t<\/div>\n\t\t\t\t\t\t<\/div>\n\t\t\t\t<\/div>\n\t\t\t\t\t\t<\/div>\n\t\t\t\t\t<\/div>\n\t\t<\/div>\n\t\t\t\t\t\t\t\t<\/div>\n\t\t\t\t\t<\/div>\n\t\t<\/section>\n\t\t\t\t\t\t\t\t\t<\/div>\n\t\t\t<\/div>\n\t\t\t\t\t<\/div>\n\t\t","protected":false},"excerpt":{"rendered":"<p>Centro M\u00e9dico Pensiones \ud83d\udcde 99 93609347 StarM\u00e9dica \ud83d\udcde 99 92790201 Urgencias \ud83d\udcde 5548383785 Inicio\u00a0 \u00a0 \u00a0 \u00a0 Padecimientos\u00a0 \u00a0 \u00a0 \u00a0 Procedimientos\u00a0 \u00a0 \u00a0 \u00a0 Turismo m\u00e9dico (ingl\u00e9s y espa\u00f1ol) Aviso de privacidad AVISO DE PRIVACIDAD DE DATOS PERSONALES En cumplimiento a lo establecido por la Ley Federal de Protecci\u00f3n de Datos Personales en Posesi\u00f3n&#8230;<\/p>\n","protected":false},"author":1,"featured_media":0,"parent":0,"menu_order":0,"comment_status":"closed","ping_status":"closed","template":"elementor_canvas","meta":[],"categories":[],"tags":[],"yoast_head":"<!-- This site is optimized with the Yoast SEO plugin v20.1 - https:\/\/yoast.com\/wordpress\/plugins\/seo\/ -->\n<title>Aviso de privacidad -<\/title>\n<meta name=\"description\" content=\"Ur\u00f3logo en M\u00e9rida experto en tratamiento de pr\u00f3stata y c\u00e1lculos. Certificado ante consejo y alta especialidad UNAM.\" \/>\n<meta name=\"robots\" content=\"index, follow, max-snippet:-1, max-image-preview:large, max-video-preview:-1\" \/>\n<link rel=\"canonical\" href=\"https:\/\/urologosenmerida.com.mx\/aviso-de-privacidad\/\" \/>\n<meta property=\"og:locale\" content=\"es_MX\" \/>\n<meta property=\"og:type\" content=\"article\" \/>\n<meta property=\"og:title\" content=\"Aviso de privacidad -\" \/>\n<meta property=\"og:description\" content=\"Ur\u00f3logo en M\u00e9rida experto en tratamiento de pr\u00f3stata y c\u00e1lculos. Certificado ante consejo y alta especialidad UNAM.\" \/>\n<meta property=\"og:url\" content=\"https:\/\/urologosenmerida.com.mx\/aviso-de-privacidad\/\" \/>\n<meta property=\"article:modified_time\" content=\"2021-08-18T15:19:18+00:00\" \/>\n<meta property=\"og:image\" content=\"https:\/\/urologosenmerida.com.mx\/wp-content\/uploads\/2021\/04\/english.jpg\" \/>\n<meta name=\"twitter:card\" content=\"summary_large_image\" \/>\n<meta name=\"twitter:label1\" content=\"Tiempo de lectura\" \/>\n\t<meta name=\"twitter:data1\" content=\"1 minuto\" \/>\n<script type=\"application\/ld+json\" class=\"yoast-schema-graph\">{\"@context\":\"https:\/\/schema.org\",\"@graph\":[{\"@type\":\"WebPage\",\"@id\":\"https:\/\/urologosenmerida.com.mx\/aviso-de-privacidad\/\",\"url\":\"https:\/\/urologosenmerida.com.mx\/aviso-de-privacidad\/\",\"name\":\"Aviso de privacidad -\",\"isPartOf\":{\"@id\":\"https:\/\/urologosenmerida.com.mx\/#website\"},\"datePublished\":\"2021-08-18T15:10:40+00:00\",\"dateModified\":\"2021-08-18T15:19:18+00:00\",\"description\":\"Ur\u00f3logo en M\u00e9rida experto en tratamiento de pr\u00f3stata y c\u00e1lculos. Certificado ante consejo y alta especialidad UNAM.\",\"breadcrumb\":{\"@id\":\"https:\/\/urologosenmerida.com.mx\/aviso-de-privacidad\/#breadcrumb\"},\"inLanguage\":\"es-MX\",\"potentialAction\":[{\"@type\":\"ReadAction\",\"target\":[\"https:\/\/urologosenmerida.com.mx\/aviso-de-privacidad\/\"]}]},{\"@type\":\"BreadcrumbList\",\"@id\":\"https:\/\/urologosenmerida.com.mx\/aviso-de-privacidad\/#breadcrumb\",\"itemListElement\":[{\"@type\":\"ListItem\",\"position\":1,\"name\":\"Inicio\",\"item\":\"https:\/\/urologosenmerida.com.mx\/\"},{\"@type\":\"ListItem\",\"position\":2,\"name\":\"Aviso de privacidad\"}]},{\"@type\":\"WebSite\",\"@id\":\"https:\/\/urologosenmerida.com.mx\/#website\",\"url\":\"https:\/\/urologosenmerida.com.mx\/\",\"name\":\"\",\"description\":\"Ur\u00f3logo en M\u00e9rida certificado y con alta especialidad y certificado por el consejo Mexicano de Urolog\u00eda. Atenci\u00f3n especializadas en padecimientos como crecimiento y c\u00e1ncer de pr\u00f3stata, c\u00e1lculos renales as\u00ed como VPH y padecimientos en genitales.\",\"potentialAction\":[{\"@type\":\"SearchAction\",\"target\":{\"@type\":\"EntryPoint\",\"urlTemplate\":\"https:\/\/urologosenmerida.com.mx\/?s={search_term_string}\"},\"query-input\":\"required name=search_term_string\"}],\"inLanguage\":\"es-MX\"}]}<\/script>\n<!-- \/ Yoast SEO plugin. -->","yoast_head_json":{"title":"Aviso de privacidad -","description":"Ur\u00f3logo en M\u00e9rida experto en tratamiento de pr\u00f3stata y c\u00e1lculos. Certificado ante consejo y alta especialidad UNAM.","robots":{"index":"index","follow":"follow","max-snippet":"max-snippet:-1","max-image-preview":"max-image-preview:large","max-video-preview":"max-video-preview:-1"},"canonical":"https:\/\/urologosenmerida.com.mx\/aviso-de-privacidad\/","og_locale":"es_MX","og_type":"article","og_title":"Aviso de privacidad -","og_description":"Ur\u00f3logo en M\u00e9rida experto en tratamiento de pr\u00f3stata y c\u00e1lculos. Certificado ante consejo y alta especialidad UNAM.","og_url":"https:\/\/urologosenmerida.com.mx\/aviso-de-privacidad\/","article_modified_time":"2021-08-18T15:19:18+00:00","og_image":[{"url":"https:\/\/urologosenmerida.com.mx\/wp-content\/uploads\/2021\/04\/english.jpg"}],"twitter_card":"summary_large_image","twitter_misc":{"Tiempo de lectura":"1 minuto"},"schema":{"@context":"https:\/\/schema.org","@graph":[{"@type":"WebPage","@id":"https:\/\/urologosenmerida.com.mx\/aviso-de-privacidad\/","url":"https:\/\/urologosenmerida.com.mx\/aviso-de-privacidad\/","name":"Aviso de privacidad -","isPartOf":{"@id":"https:\/\/urologosenmerida.com.mx\/#website"},"datePublished":"2021-08-18T15:10:40+00:00","dateModified":"2021-08-18T15:19:18+00:00","description":"Ur\u00f3logo en M\u00e9rida experto en tratamiento de pr\u00f3stata y c\u00e1lculos. Certificado ante consejo y alta especialidad UNAM.","breadcrumb":{"@id":"https:\/\/urologosenmerida.com.mx\/aviso-de-privacidad\/#breadcrumb"},"inLanguage":"es-MX","potentialAction":[{"@type":"ReadAction","target":["https:\/\/urologosenmerida.com.mx\/aviso-de-privacidad\/"]}]},{"@type":"BreadcrumbList","@id":"https:\/\/urologosenmerida.com.mx\/aviso-de-privacidad\/#breadcrumb","itemListElement":[{"@type":"ListItem","position":1,"name":"Inicio","item":"https:\/\/urologosenmerida.com.mx\/"},{"@type":"ListItem","position":2,"name":"Aviso de privacidad"}]},{"@type":"WebSite","@id":"https:\/\/urologosenmerida.com.mx\/#website","url":"https:\/\/urologosenmerida.com.mx\/","name":"","description":"Ur\u00f3logo en M\u00e9rida certificado y con alta especialidad y certificado por el consejo Mexicano de Urolog\u00eda. Atenci\u00f3n especializadas en padecimientos como crecimiento y c\u00e1ncer de pr\u00f3stata, c\u00e1lculos renales as\u00ed como VPH y padecimientos en genitales.","potentialAction":[{"@type":"SearchAction","target":{"@type":"EntryPoint","urlTemplate":"https:\/\/urologosenmerida.com.mx\/?s={search_term_string}"},"query-input":"required name=search_term_string"}],"inLanguage":"es-MX"}]}},"_links":{"self":[{"href":"https:\/\/urologosenmerida.com.mx\/index.php\/wp-json\/wp\/v2\/pages\/528"}],"collection":[{"href":"https:\/\/urologosenmerida.com.mx\/index.php\/wp-json\/wp\/v2\/pages"}],"about":[{"href":"https:\/\/urologosenmerida.com.mx\/index.php\/wp-json\/wp\/v2\/types\/page"}],"author":[{"embeddable":true,"href":"https:\/\/urologosenmerida.com.mx\/index.php\/wp-json\/wp\/v2\/users\/1"}],"replies":[{"embeddable":true,"href":"https:\/\/urologosenmerida.com.mx\/index.php\/wp-json\/wp\/v2\/comments?post=528"}],"version-history":[{"count":7,"href":"https:\/\/urologosenmerida.com.mx\/index.php\/wp-json\/wp\/v2\/pages\/528\/revisions"}],"predecessor-version":[{"id":535,"href":"https:\/\/urologosenmerida.com.mx\/index.php\/wp-json\/wp\/v2\/pages\/528\/revisions\/535"}],"wp:attachment":[{"href":"https:\/\/urologosenmerida.com.mx\/index.php\/wp-json\/wp\/v2\/media?parent=528"}],"wp:term":[{"taxonomy":"category","embeddable":true,"href":"https:\/\/urologosenmerida.com.mx\/index.php\/wp-json\/wp\/v2\/categories?post=528"},{"taxonomy":"post_tag","embeddable":true,"href":"https:\/\/urologosenmerida.com.mx\/index.php\/wp-json\/wp\/v2\/tags?post=528"}],"curies":[{"name":"wp","href":"https:\/\/api.w.org\/{rel}","templated":true}]}}